{"id":42,"date":"2018-04-16T15:18:13","date_gmt":"2018-04-16T13:18:13","guid":{"rendered":"https:\/\/www.emp-elektrotechnik.co.at\/?page_id=42"},"modified":"2018-04-17T21:25:39","modified_gmt":"2018-04-17T19:25:39","slug":"e-check-und-installation","status":"publish","type":"page","link":"https:\/\/www.emp-elektrotechnik.co.at\/?page_id=42","title":{"rendered":"E-Check und Installation"},"content":{"rendered":"<p><span style=\"font-family: helvetica, arial, sans-serif; font-size: 18pt;\"><strong>E-Check<\/strong><\/span><\/p>\n<p><span style=\"font-family: helvetica, arial, sans-serif; font-size: 18pt;\"><strong>Ein E-Check vor Abschluss eines Miet- oder Kaufvertrages hilft Ihnen, viel \u00c4rger, Zeit und Geld zu sparen. Eine alte Elektroanlage (ab 10 Jahre in einem Haushalt) m\u00fcsste \u00fcberpr\u00fcft werden, dabei geht es nicht um Komforteinbu\u00dfen sondern um Ihre Sicherheit und die Sicherheit Ihrer Familie. Mangelhafte oder \u00fcberlastete Elektroanlagen gef\u00e4hrden diese und k\u00f6nnen Br\u00e4nde und t\u00f6dliche Stromschl\u00e4ge ausl\u00f6sen. In \u00d6sterreich werden jeden Tag mehr als drei Stromunf\u00e4lle oder &#8211; br\u00e4nde in Haushalten verursacht. <\/strong><\/span><\/p>\n<p><span style=\"font-family: helvetica, arial, sans-serif; font-size: 18pt;\"><strong>Reduzieren Sie dieses Risiko, indem Sie mit uns einen kostenlosen Beratungstermin vereinbaren.<\/strong><\/span><\/p>\n<p>&nbsp;<\/p>\n<p><span style=\"font-family: helvetica, arial, sans-serif; font-size: 18pt;\"><strong>Installation:<\/strong><\/span><\/p>\n<p><span style=\"font-family: helvetica, arial, sans-serif; font-size: 18pt;\"><strong>Wir beheben St\u00f6rungen Ihrer Elektroanlage !<\/strong><\/span><br \/>\n<span style=\"font-family: helvetica, arial, sans-serif; font-size: 18pt;\"><strong> Sie m\u00f6chten kleine oder gr\u00f6\u00dfere Renovierungen oder Umbauten Ihrer Elektroanlage durchf\u00fchren?<\/strong><\/span><br \/>\n<span style=\"font-family: helvetica, arial, sans-serif; font-size: 18pt;\"><strong> Rufen Sie uns an, wir erledigen die Arbeiten prompt, schnell, sauber und g\u00fcnstig. <\/strong><\/span><\/p>\n<p><span style=\"font-family: helvetica, arial, sans-serif; font-size: 18pt;\"><strong>Sie erreichen uns unter +43 677 611 700 72.<\/strong><\/span><\/p>\n","protected":false},"excerpt":{"rendered":"<p>E-Check Ein E-Check vor Abschluss eines Miet- oder Kaufvertrages hilft Ihnen, viel \u00c4rger, Zeit und Geld zu sparen. Eine alte Elektroanlage (ab 10 Jahre in einem Haushalt) m\u00fcsste \u00fcberpr\u00fcft werden, dabei geht es nicht um Komforteinbu\u00dfen sondern um Ihre Sicherheit und die Sicherheit Ihrer Familie. Mangelhafte oder \u00fcberlastete Elektroanlagen gef\u00e4hrden diese und k\u00f6nnen Br\u00e4nde und [&hellip;]<\/p>\n<p class=\"more-link style2\"><a href=\"https:\/\/www.emp-elektrotechnik.co.at\/?page_id=42\"  class=\"themebutton\"><span class=\"more-text\">READ MORE<\/span><span class=\"more-icon\"><i class=\"fa fa-angle-right fa-lg\"><\/i><\/span><\/a><\/p>\n","protected":false},"author":1,"featured_media":0,"parent":0,"menu_order":0,"comment_status":"closed","ping_status":"closed","template":"","meta":{"footnotes":""},"categories":[],"tags":[],"class_list":["post-42","page","type-page","status-publish","hentry"],"_links":{"self":[{"href":"https:\/\/www.emp-elektrotechnik.co.at\/index.php?rest_route=\/wp\/v2\/pages\/42","targetHints":{"allow":["GET"]}}],"collection":[{"href":"https:\/\/www.emp-elektrotechnik.co.at\/index.php?rest_route=\/wp\/v2\/pages"}],"about":[{"href":"https:\/\/www.emp-elektrotechnik.co.at\/index.php?rest_route=\/wp\/v2\/types\/page"}],"author":[{"embeddable":true,"href":"https:\/\/www.emp-elektrotechnik.co.at\/index.php?rest_route=\/wp\/v2\/users\/1"}],"replies":[{"embeddable":true,"href":"https:\/\/www.emp-elektrotechnik.co.at\/index.php?rest_route=%2Fwp%2Fv2%2Fcomments&post=42"}],"version-history":[{"count":2,"href":"https:\/\/www.emp-elektrotechnik.co.at\/index.php?rest_route=\/wp\/v2\/pages\/42\/revisions"}],"predecessor-version":[{"id":116,"href":"https:\/\/www.emp-elektrotechnik.co.at\/index.php?rest_route=\/wp\/v2\/pages\/42\/revisions\/116"}],"wp:attachment":[{"href":"https:\/\/www.emp-elektrotechnik.co.at\/index.php?rest_route=%2Fwp%2Fv2%2Fmedia&parent=42"}],"wp:term":[{"taxonomy":"category","embeddable":true,"href":"https:\/\/www.emp-elektrotechnik.co.at\/index.php?rest_route=%2Fwp%2Fv2%2Fcategories&post=42"},{"taxonomy":"post_tag","embeddable":true,"href":"https:\/\/www.emp-elektrotechnik.co.at\/index.php?rest_route=%2Fwp%2Fv2%2Ftags&post=42"}],"curies":[{"name":"wp","href":"https:\/\/api.w.org\/{rel}","templated":true}]}}