{"id":140,"date":"2018-06-22T21:37:55","date_gmt":"2018-06-22T19:37:55","guid":{"rendered":"https:\/\/www.emp-elektrotechnik.co.at\/?page_id=140"},"modified":"2018-06-22T21:37:55","modified_gmt":"2018-06-22T19:37:55","slug":"datenschutzerklaerung","status":"publish","type":"page","link":"https:\/\/www.emp-elektrotechnik.co.at\/?page_id=140","title":{"rendered":"Datenschutzerkl\u00e4rung"},"content":{"rendered":"<p style=\"text-align: center;\"><strong><span style=\"font-family: georgia, palatino, serif; font-size: 14pt;\">Datenschutzerkl\u00e4rung<\/span><\/strong><br \/>\n<span style=\"font-family: georgia, palatino, serif; font-size: 14pt;\">Stand 25.05.2018<\/span><\/p>\n<p style=\"text-align: left;\"><span style=\"font-family: georgia, palatino, serif; font-size: 14pt;\">Der Schutz Ihrer pers\u00f6nlichen Daten ist uns ein besonderes Anliegen. <\/span><span style=\"font-family: georgia, palatino, serif; font-size: 14pt;\">Wir verarbeiten Ihre Daten daher ausschlie\u00dflich auf Grundlage der <\/span><span style=\"font-family: georgia, palatino, serif; font-size: 14pt;\">gesetzlichen Bestimmungen (DSGVO,TKG 2003). <\/span><\/p>\n<p style=\"text-align: left;\"><span style=\"font-family: georgia, palatino, serif; font-size: 14pt;\">In dieser<\/span> <span style=\"font-family: georgia, palatino, serif; font-size: 14pt;\">Datenschutz-Information informieren wir Sie \u00fcber die wichtigsten <\/span><span style=\"font-family: georgia, palatino, serif; font-size: 14pt;\">Aspekte der Datenverarbeitung im Rahmen unserer Website.<\/span><\/p>\n<p style=\"text-align: left;\"><strong><span style=\"font-family: georgia, palatino, serif; font-size: 14pt;\">Kontakt mit uns<\/span><\/strong><br \/>\n<span style=\"font-family: georgia, palatino, serif; font-size: 14pt;\">Wenn Sie per E-Mail Kontakt mit uns aufnehmen, werden Ihre <\/span><span style=\"font-family: georgia, palatino, serif; font-size: 14pt;\">angegebenen Daten zwecks Bearbeitung der Anfrage und f\u00fcr den Fall <\/span><span style=\"font-family: georgia, palatino, serif; font-size: 14pt;\">von Anschlussfragen sechs Monate bei uns gespeichert. Diese Daten <\/span><span style=\"font-family: georgia, palatino, serif; font-size: 14pt;\">geben wir nicht ohne Ihre Einwilligung weiter.<\/span><\/p>\n<p style=\"text-align: left;\"><span style=\"font-family: georgia, palatino, serif; font-size: 14pt;\">Dar\u00fcber hinaus werden im Falle einer Vertragsabwicklung folgende <\/span><span style=\"font-family: georgia, palatino, serif; font-size: 14pt;\">Daten auch bei uns gespeichert:<\/span><br \/>\n<span style=\"font-family: georgia, palatino, serif; font-size: 14pt;\">[Vorname, Nachname, Adresse, Telefonnummer, E-Mailadresse].<\/span><\/p>\n<p style=\"text-align: left;\"><span style=\"font-family: georgia, palatino, serif; font-size: 14pt;\">Die von Ihnen bereit gestellten Daten sind zur Vertragserf\u00fcllung bzw. <\/span><span style=\"font-family: georgia, palatino, serif; font-size: 14pt;\">zur Durchf\u00fchrung vorvertraglicher Ma\u00dfnahmen erforderlich. Ohne <\/span><span style=\"font-family: georgia, palatino, serif; font-size: 14pt;\">diese Daten k\u00f6nnen wir einen Vertrag mit Ihnen nicht abschlie\u00dfen.<\/span><\/p>\n<p style=\"text-align: left;\"><span style=\"font-family: georgia, palatino, serif; font-size: 14pt;\">Eine Daten\u00fcbermittlung an Dritte erfolgt nicht, mit Ausnahme an das <\/span><span style=\"font-family: georgia, palatino, serif; font-size: 14pt;\">von uns beauftragte Transport-, Versandunternehmen zur Zustellung <\/span><span style=\"font-family: georgia, palatino, serif; font-size: 14pt;\">der Ware sowie an unseren Steuerberater zur Erf\u00fcllung unserer <\/span><span style=\"font-family: georgia, palatino, serif; font-size: 14pt;\">steuerrechtlichen Verpflichtungen.<\/span><\/p>\n<p>&nbsp;<\/p>\n<p style=\"text-align: left;\"><span style=\"font-family: georgia, palatino, serif; font-size: 14pt;\"><strong>Im Falle eines Vertragsabschlusses<\/strong> werden s\u00e4mtliche Daten aus dem <\/span><span style=\"font-family: georgia, palatino, serif; font-size: 14pt;\">Vertragsverh\u00e4ltnis bis zum Ablauf der steuerrechtlichen <\/span><span style=\"font-family: georgia, palatino, serif; font-size: 14pt;\">Aufbewahrungsfrist (7 Jahre) gespeichert. <\/span><\/p>\n<p style=\"text-align: left;\"><span style=\"font-family: georgia, palatino, serif; font-size: 14pt;\">Die Daten: Name, Anschrift, gekaufte Waren und Kaufdatum werden <\/span><span style=\"font-family: georgia, palatino, serif; font-size: 14pt;\">dar\u00fcber hinausgehend bis zum Ablauf der Produkthaftung (10 Jahre) <\/span><span style=\"font-family: georgia, palatino, serif; font-size: 14pt;\">gespeichert. Die Datenverarbeitung erfolgt auf Basis der gesetzlichen <\/span><span style=\"font-family: georgia, palatino, serif; font-size: 14pt;\">Bestimmungen des \u00a7 96 Abs 3 TKG sowie des Art 6 Abs 1 lit a <\/span><span style=\"font-family: georgia, palatino, serif; font-size: 14pt;\">(Einwilligung) und\/oder lit b (notwendig zur Vertragserf\u00fcllung) der <\/span><span style=\"font-family: georgia, palatino, serif; font-size: 14pt;\">DSGVO.<\/span><\/p>\n<p>&nbsp;<\/p>\n<p style=\"text-align: left;\"><span style=\"font-family: georgia, palatino, serif; font-size: 14pt;\"><strong>Newsletter:<\/strong> Sie haben die M\u00f6glichkeit, \u00fcber eine E-Mail an uns unseren Newsletter <\/span><span style=\"font-family: georgia, palatino, serif; font-size: 14pt;\">zu abonnieren. Hierf\u00fcr ben\u00f6tigen wir Ihre E-Mail-Adresse und ihre <\/span><span style=\"font-family: georgia, palatino, serif; font-size: 14pt;\">Erkl\u00e4rung, dass Sie mit dem Bezug des Newsletters einverstanden <\/span><span style=\"font-family: georgia, palatino, serif; font-size: 14pt;\">sind. <\/span><span style=\"font-family: georgia, palatino, serif; font-size: 14pt;\">Sobald Sie sich f\u00fcr den Newsletter angemeldet haben, senden wir <\/span><span style=\"font-family: georgia, palatino, serif; font-size: 14pt;\">Ihnen ein Best\u00e4tigungs-E-Mail zu. Das Abo des Newsletters k\u00f6nnen Sie jederzeit stornieren. <\/span><\/p>\n<p style=\"text-align: left;\"><span style=\"font-family: georgia, palatino, serif; font-size: 14pt;\">Senden Sie Ihre Stornierung bitte an folgende <\/span><span style=\"font-family: georgia, palatino, serif; font-size: 14pt;\">E-Mail-Adresse: emp-elektrotechnik@mailbox.org. <\/span><span style=\"font-family: georgia, palatino, serif; font-size: 14pt;\">Wir l\u00f6schen anschlie\u00dfend umgehend Ihre Daten im Zusammenhang <\/span><span style=\"font-family: georgia, palatino, serif; font-size: 14pt;\">mit dem Newsletter \u2013 Versand.<\/span><\/p>\n<p>&nbsp;<\/p>\n<p style=\"text-align: left;\"><strong><span style=\"font-family: georgia, palatino, serif; font-size: 14pt;\">Ihre Rechte:<\/span><\/strong><br \/>\n<span style=\"font-family: georgia, palatino, serif; font-size: 14pt;\">Ihnen stehen grunds\u00e4tzlich die Rechte auf Auskunft, Berichtigung, <\/span><span style=\"font-family: georgia, palatino, serif; font-size: 14pt;\">L\u00f6schung, Einschr\u00e4nkung, Daten\u00fcbertragbarkeit, Widerruf und <\/span><span style=\"font-family: georgia, palatino, serif; font-size: 14pt;\">Widerspruch zu. Wenn Sie glauben, dass die Verarbeitung Ihrer Daten <\/span><span style=\"font-family: georgia, palatino, serif; font-size: 14pt;\">gegen das Datenschutzrecht verst\u00f6\u00dft oder Ihre datenschutz<\/span><span style=\"font-family: georgia, palatino, serif; font-size: 14pt;\">rechtlichen Anspr\u00fcche sonst in einer Weise verletzt worden sind, <\/span><span style=\"font-family: georgia, palatino, serif; font-size: 14pt;\">k\u00f6nnen Sie sich bei der Aufsichtsbeh\u00f6rde beschweren. In \u00d6sterreich ist <\/span><span style=\"font-family: georgia, palatino, serif; font-size: 14pt;\">dies die Datenschutzbeh\u00f6rde.<\/span><\/p>\n<p style=\"text-align: left;\"><span style=\"font-family: georgia, palatino, serif; font-size: 14pt;\">Sie erreichen uns unter folgenden Kontaktdaten:<\/span><\/p>\n<p><img loading=\"lazy\" decoding=\"async\" class=\"alignnone size-medium wp-image-112\" src=\"https:\/\/www.emp-elektrotechnik.co.at\/wp-content\/uploads\/2018\/04\/Bildschirmfoto-vom-2018-02-28-15-07-21-300x217.png\" alt=\"\" width=\"300\" height=\"217\" srcset=\"https:\/\/www.emp-elektrotechnik.co.at\/wp-content\/uploads\/2018\/04\/Bildschirmfoto-vom-2018-02-28-15-07-21-300x217.png 300w, https:\/\/www.emp-elektrotechnik.co.at\/wp-content\/uploads\/2018\/04\/Bildschirmfoto-vom-2018-02-28-15-07-21-768x556.png 768w, https:\/\/www.emp-elektrotechnik.co.at\/wp-content\/uploads\/2018\/04\/Bildschirmfoto-vom-2018-02-28-15-07-21-1024x742.png 1024w, https:\/\/www.emp-elektrotechnik.co.at\/wp-content\/uploads\/2018\/04\/Bildschirmfoto-vom-2018-02-28-15-07-21.png 1117w\" sizes=\"auto, (max-width: 300px) 100vw, 300px\" \/><\/p>\n","protected":false},"excerpt":{"rendered":"<p>Datenschutzerkl\u00e4rung Stand 25.05.2018 Der Schutz Ihrer pers\u00f6nlichen Daten ist uns ein besonderes Anliegen. Wir verarbeiten Ihre Daten daher ausschlie\u00dflich auf Grundlage der gesetzlichen Bestimmungen (DSGVO,TKG 2003). In dieser Datenschutz-Information informieren wir Sie \u00fcber die wichtigsten Aspekte der Datenverarbeitung im Rahmen unserer Website. Kontakt mit uns Wenn Sie per E-Mail Kontakt mit uns aufnehmen, werden Ihre [&hellip;]<\/p>\n<p class=\"more-link style2\"><a href=\"https:\/\/www.emp-elektrotechnik.co.at\/?page_id=140\"  class=\"themebutton\"><span class=\"more-text\">READ MORE<\/span><span class=\"more-icon\"><i class=\"fa fa-angle-right fa-lg\"><\/i><\/span><\/a><\/p>\n","protected":false},"author":1,"featured_media":0,"parent":0,"menu_order":0,"comment_status":"closed","ping_status":"closed","template":"","meta":{"footnotes":""},"categories":[],"tags":[],"class_list":["post-140","page","type-page","status-publish","hentry"],"_links":{"self":[{"href":"https:\/\/www.emp-elektrotechnik.co.at\/index.php?rest_route=\/wp\/v2\/pages\/140","targetHints":{"allow":["GET"]}}],"collection":[{"href":"https:\/\/www.emp-elektrotechnik.co.at\/index.php?rest_route=\/wp\/v2\/pages"}],"about":[{"href":"https:\/\/www.emp-elektrotechnik.co.at\/index.php?rest_route=\/wp\/v2\/types\/page"}],"author":[{"embeddable":true,"href":"https:\/\/www.emp-elektrotechnik.co.at\/index.php?rest_route=\/wp\/v2\/users\/1"}],"replies":[{"embeddable":true,"href":"https:\/\/www.emp-elektrotechnik.co.at\/index.php?rest_route=%2Fwp%2Fv2%2Fcomments&post=140"}],"version-history":[{"count":3,"href":"https:\/\/www.emp-elektrotechnik.co.at\/index.php?rest_route=\/wp\/v2\/pages\/140\/revisions"}],"predecessor-version":[{"id":143,"href":"https:\/\/www.emp-elektrotechnik.co.at\/index.php?rest_route=\/wp\/v2\/pages\/140\/revisions\/143"}],"wp:attachment":[{"href":"https:\/\/www.emp-elektrotechnik.co.at\/index.php?rest_route=%2Fwp%2Fv2%2Fmedia&parent=140"}],"wp:term":[{"taxonomy":"category","embeddable":true,"href":"https:\/\/www.emp-elektrotechnik.co.at\/index.php?rest_route=%2Fwp%2Fv2%2Fcategories&post=140"},{"taxonomy":"post_tag","embeddable":true,"href":"https:\/\/www.emp-elektrotechnik.co.at\/index.php?rest_route=%2Fwp%2Fv2%2Ftags&post=140"}],"curies":[{"name":"wp","href":"https:\/\/api.w.org\/{rel}","templated":true}]}}